{"id":11978,"date":"2020-11-17T01:16:39","date_gmt":"2020-11-17T00:16:39","guid":{"rendered":"https:\/\/karlsberatung.de\/?page_id=11978"},"modified":"2024-04-16T09:14:16","modified_gmt":"2024-04-16T07:14:16","slug":"home","status":"publish","type":"page","link":"https:\/\/karlsberatung.de\/de\/","title":{"rendered":"Startseite"},"content":{"rendered":"<div data-elementor-type=\"wp-post\" data-elementor-id=\"11978\" class=\"elementor elementor-11978\">\n\t\t\t\t\t\t\t\t\t<section class=\"elementor-section elementor-top-section elementor-element elementor-element-53d02b5a elementor-section-full_width elementor-section-height-default elementor-section-height-default\" data-id=\"53d02b5a\" data-element_type=\"section\" data-settings=\"{&quot;background_background&quot;:&quot;classic&quot;}\">\n\t\t\t\t\t\t\t<div class=\"elementor-background-overlay\"><\/div>\n\t\t\t\t\t\t\t<div class=\"elementor-container elementor-column-gap-default\">\n\t\t\t\t\t<div class=\"elementor-column elementor-col-50 elementor-top-column elementor-element elementor-element-3a8ad17\" data-id=\"3a8ad17\" data-element_type=\"column\" data-settings=\"{&quot;background_background&quot;:&quot;classic&quot;,&quot;animation&quot;:&quot;none&quot;}\">\n\t\t\t<div class=\"elementor-widget-wrap elementor-element-populated\">\n\t\t\t\t\t<div class=\"elementor-background-overlay\"><\/div>\n\t\t\t\t\t\t\t\t<div class=\"elementor-element elementor-element-203bf40 elementor-widget elementor-widget-text-editor\" data-id=\"203bf40\" data-element_type=\"widget\" data-widget_type=\"text-editor.default\">\n\t\t\t\t<div class=\"elementor-widget-container\">\n\t\t\t\t\t\t\t<p>Die L\u00f6sung, Ihr Unternehmen auf kreative und kosteng\u00fcnstige Weise zu innovieren.<\/p>\t\t\t\t\t\t<\/div>\n\t\t\t\t<\/div>\n\t\t\t\t<div class=\"elementor-element elementor-element-e5567ca elementor-widget elementor-widget-heading\" data-id=\"e5567ca\" data-element_type=\"widget\" data-widget_type=\"heading.default\">\n\t\t\t\t<div class=\"elementor-widget-container\">\n\t\t\t<p class=\"elementor-heading-title elementor-size-default\"><b>Karls<\/b><i>Beratung<\/p>\t\t<\/div>\n\t\t\t\t<\/div>\n\t\t\t\t\t<\/div>\n\t\t<\/div>\n\t\t\t\t<div class=\"elementor-column elementor-col-50 elementor-top-column elementor-element elementor-element-3d5a286\" data-id=\"3d5a286\" data-element_type=\"column\">\n\t\t\t<div class=\"elementor-widget-wrap elementor-element-populated\">\n\t\t\t\t\t\t\t\t<section class=\"elementor-section elementor-inner-section elementor-element elementor-element-860cf12 elementor-section-boxed elementor-section-height-default elementor-section-height-default\" data-id=\"860cf12\" data-element_type=\"section\">\n\t\t\t\t\t\t<div class=\"elementor-container elementor-column-gap-default\">\n\t\t\t\t\t<div class=\"elementor-column elementor-col-50 elementor-inner-column elementor-element elementor-element-bf43059\" data-id=\"bf43059\" data-element_type=\"column\">\n\t\t\t<div class=\"elementor-widget-wrap\">\n\t\t\t\t\t\t\t\t\t<\/div>\n\t\t<\/div>\n\t\t\t\t<div class=\"elementor-column elementor-col-50 elementor-inner-column elementor-element elementor-element-4c508ae\" data-id=\"4c508ae\" data-element_type=\"column\">\n\t\t\t<div class=\"elementor-widget-wrap\">\n\t\t\t\t\t\t\t\t\t<\/div>\n\t\t<\/div>\n\t\t\t\t\t\t\t<\/div>\n\t\t<\/section>\n\t\t\t\t\t<\/div>\n\t\t<\/div>\n\t\t\t\t\t\t\t<\/div>\n\t\t<\/section>\n\t\t\t\t<section class=\"elementor-section elementor-top-section elementor-element elementor-element-a731303 elementor-section-boxed elementor-section-height-default elementor-section-height-default\" data-id=\"a731303\" data-element_type=\"section\">\n\t\t\t\t\t\t<div class=\"elementor-container elementor-column-gap-default\">\n\t\t\t\t\t<div class=\"elementor-column elementor-col-50 elementor-top-column elementor-element elementor-element-434552c\" data-id=\"434552c\" data-element_type=\"column\">\n\t\t\t<div class=\"elementor-widget-wrap elementor-element-populated\">\n\t\t\t\t\t\t\t\t<div class=\"elementor-element elementor-element-ffd8b07 elementor-widget elementor-widget-heading\" data-id=\"ffd8b07\" data-element_type=\"widget\" data-widget_type=\"heading.default\">\n\t\t\t\t<div class=\"elementor-widget-container\">\n\t\t\t<h2 class=\"elementor-heading-title elementor-size-default\">\u00dcber uns<\/h2>\t\t<\/div>\n\t\t\t\t<\/div>\n\t\t\t\t<div class=\"elementor-element elementor-element-75dbbfb elementor-widget elementor-widget-text-editor\" data-id=\"75dbbfb\" data-element_type=\"widget\" data-widget_type=\"text-editor.default\">\n\t\t\t\t<div class=\"elementor-widget-container\">\n\t\t\t\t\t\t\t<p>KarlsBeratung ist ein junges, studentisch gef\u00fchrtes Beratungsunternehmen, das sich auf die Beratung von Start-ups, Unternehmen und NGOs in und um Karlsruhe konzentriert. Als eingetragener Verein k\u00f6nnen wir durch unser Non-Profit-Konzept Preise unter denen einer herk\u00f6mmlichen Unternehmensberatung ansetzen und gleichzeitig mit innovativen Ideen auf Ihre W\u00fcnsche eingehen.<\/p>\t\t\t\t\t\t<\/div>\n\t\t\t\t<\/div>\n\t\t\t\t\t<\/div>\n\t\t<\/div>\n\t\t\t\t<div class=\"elementor-column elementor-col-50 elementor-top-column elementor-element elementor-element-fda4ec3 elementor-invisible\" data-id=\"fda4ec3\" data-element_type=\"column\" data-settings=\"{&quot;animation&quot;:&quot;fadeInRight&quot;}\">\n\t\t\t<div class=\"elementor-widget-wrap elementor-element-populated\">\n\t\t\t\t\t\t\t\t<div class=\"elementor-element elementor-element-b44985c elementor-invisible elementor-widget elementor-widget-image\" data-id=\"b44985c\" data-element_type=\"widget\" data-settings=\"{&quot;_animation&quot;:&quot;fadeInRight&quot;}\" data-widget_type=\"image.default\">\n\t\t\t\t<div class=\"elementor-widget-container\">\n\t\t\t\t\t\t\t\t\t\t\t\t\t\t\t<img fetchpriority=\"high\" decoding=\"async\" width=\"1024\" height=\"683\" src=\"https:\/\/karlsberatung.de\/wp-content\/uploads\/2020\/12\/KHS_2019_03_21_Diversity_082-1024x683.jpg\" class=\"attachment-large size-large wp-image-12056\" alt=\"\" srcset=\"https:\/\/karlsberatung.de\/wp-content\/uploads\/2020\/12\/KHS_2019_03_21_Diversity_082-1024x683.jpg 1024w, https:\/\/karlsberatung.de\/wp-content\/uploads\/2020\/12\/KHS_2019_03_21_Diversity_082-300x200.jpg 300w, https:\/\/karlsberatung.de\/wp-content\/uploads\/2020\/12\/KHS_2019_03_21_Diversity_082-768x512.jpg 768w, https:\/\/karlsberatung.de\/wp-content\/uploads\/2020\/12\/KHS_2019_03_21_Diversity_082-1536x1024.jpg 1536w, https:\/\/karlsberatung.de\/wp-content\/uploads\/2020\/12\/KHS_2019_03_21_Diversity_082-2048x1366.jpg 2048w\" sizes=\"(max-width: 1024px) 100vw, 1024px\" \/>\t\t\t\t\t\t\t\t\t\t\t\t\t\t\t<\/div>\n\t\t\t\t<\/div>\n\t\t\t\t\t<\/div>\n\t\t<\/div>\n\t\t\t\t\t\t\t<\/div>\n\t\t<\/section>\n\t\t\t\t<section class=\"elementor-section elementor-top-section elementor-element elementor-element-fb02819 elementor-section-boxed elementor-section-height-default elementor-section-height-default\" data-id=\"fb02819\" data-element_type=\"section\">\n\t\t\t\t\t\t<div class=\"elementor-container elementor-column-gap-default\">\n\t\t\t\t\t<div class=\"elementor-column elementor-col-50 elementor-top-column elementor-element elementor-element-8b74672 elementor-invisible\" data-id=\"8b74672\" data-element_type=\"column\" data-settings=\"{&quot;animation&quot;:&quot;fadeInLeft&quot;}\">\n\t\t\t<div class=\"elementor-widget-wrap elementor-element-populated\">\n\t\t\t\t\t\t\t\t<div class=\"elementor-element elementor-element-dae3393 elementor-widget elementor-widget-image\" data-id=\"dae3393\" data-element_type=\"widget\" data-widget_type=\"image.default\">\n\t\t\t\t<div class=\"elementor-widget-container\">\n\t\t\t\t\t\t\t\t\t\t\t\t\t\t\t<img decoding=\"async\" width=\"1024\" height=\"683\" src=\"https:\/\/karlsberatung.de\/wp-content\/uploads\/2020\/12\/KHS_2019_03_21_Diversity_116-1024x683.jpg\" class=\"attachment-large size-large wp-image-12058\" alt=\"\" srcset=\"https:\/\/karlsberatung.de\/wp-content\/uploads\/2020\/12\/KHS_2019_03_21_Diversity_116-1024x683.jpg 1024w, https:\/\/karlsberatung.de\/wp-content\/uploads\/2020\/12\/KHS_2019_03_21_Diversity_116-300x200.jpg 300w, https:\/\/karlsberatung.de\/wp-content\/uploads\/2020\/12\/KHS_2019_03_21_Diversity_116-768x512.jpg 768w, https:\/\/karlsberatung.de\/wp-content\/uploads\/2020\/12\/KHS_2019_03_21_Diversity_116-1536x1024.jpg 1536w, https:\/\/karlsberatung.de\/wp-content\/uploads\/2020\/12\/KHS_2019_03_21_Diversity_116-2048x1366.jpg 2048w\" sizes=\"(max-width: 1024px) 100vw, 1024px\" \/>\t\t\t\t\t\t\t\t\t\t\t\t\t\t\t<\/div>\n\t\t\t\t<\/div>\n\t\t\t\t\t<\/div>\n\t\t<\/div>\n\t\t\t\t<div class=\"elementor-column elementor-col-50 elementor-top-column elementor-element elementor-element-cd069f7\" data-id=\"cd069f7\" data-element_type=\"column\">\n\t\t\t<div class=\"elementor-widget-wrap elementor-element-populated\">\n\t\t\t\t\t\t\t\t<div class=\"elementor-element elementor-element-e6d14a9 elementor-widget elementor-widget-text-editor\" data-id=\"e6d14a9\" data-element_type=\"widget\" data-widget_type=\"text-editor.default\">\n\t\t\t\t<div class=\"elementor-widget-container\">\n\t\t\t\t\t\t\t<p><span style=\"color: #625f5f; font-size: 16px; font-style: normal; font-weight: 400;\">Unsere Kernkompetenzen liegen in der Beratung, Entwicklung und Umsetzung innovativer L\u00f6sungen. Ob im Bereich Marketing oder kreative Strategie, KarlsBeratung bietet ein multikulturelles Studententeam, das \u00fcber das neueste Wissen der Marktwirtschaft aus verschiedenen Fachbereichen verf\u00fcgt.<\/span><\/p><p>\u00a0<\/p>\t\t\t\t\t\t<\/div>\n\t\t\t\t<\/div>\n\t\t\t\t\t<\/div>\n\t\t<\/div>\n\t\t\t\t\t\t\t<\/div>\n\t\t<\/section>\n\t\t\t\t<section class=\"elementor-section elementor-top-section elementor-element elementor-element-9e56210 elementor-section-height-min-height elementor-section-boxed elementor-section-height-default elementor-section-items-middle\" data-id=\"9e56210\" data-element_type=\"section\" data-settings=\"{&quot;background_background&quot;:&quot;classic&quot;}\">\n\t\t\t\t\t\t\t<div class=\"elementor-background-overlay\"><\/div>\n\t\t\t\t\t\t\t<div class=\"elementor-container elementor-column-gap-default\">\n\t\t\t\t\t<div class=\"elementor-column elementor-col-50 elementor-top-column elementor-element elementor-element-24ee7d8\" data-id=\"24ee7d8\" data-element_type=\"column\">\n\t\t\t<div class=\"elementor-widget-wrap\">\n\t\t\t\t\t\t\t\t\t<\/div>\n\t\t<\/div>\n\t\t\t\t<div class=\"elementor-column elementor-col-50 elementor-top-column elementor-element elementor-element-188a00d elementor-invisible\" data-id=\"188a00d\" data-element_type=\"column\" data-settings=\"{&quot;background_background&quot;:&quot;classic&quot;,&quot;animation&quot;:&quot;fadeIn&quot;}\">\n\t\t\t<div class=\"elementor-widget-wrap elementor-element-populated\">\n\t\t\t\t\t<div class=\"elementor-background-overlay\"><\/div>\n\t\t\t\t\t\t\t\t<div class=\"elementor-element elementor-element-32256d2 elementor-widget elementor-widget-heading\" data-id=\"32256d2\" data-element_type=\"widget\" data-widget_type=\"heading.default\">\n\t\t\t\t<div class=\"elementor-widget-container\">\n\t\t\t<p class=\"elementor-heading-title elementor-size-default\">Unsere Spezialit\u00e4t: <b>kreative strategische Beratung<\/b><\/p>\t\t<\/div>\n\t\t\t\t<\/div>\n\t\t\t\t<div class=\"elementor-element elementor-element-cb24b3c elementor-widget elementor-widget-text-editor\" data-id=\"cb24b3c\" data-element_type=\"widget\" data-widget_type=\"text-editor.default\">\n\t\t\t\t<div class=\"elementor-widget-container\">\n\t\t\t\t\t\t\t<p>Unsere F\u00e4higkeiten gehen \u00fcber betriebswirtschaftliches Fachwissen hinaus. Als Berater identifizieren wir die Probleme, mit denen Ihr Unternehmen konfrontiert ist, und erarbeiten eine L\u00f6sung in einem strategischen Kontext auf der Grundlage einer sorgf\u00e4ltigen Analyse interner und externer Faktoren. Dazu geh\u00f6ren Marktforschung, Umweltanalysen und ein Verst\u00e4ndnis f\u00fcr St\u00e4rken und Schw\u00e4chen sowie Chancen und Risiken unserer Kunden. Alle unsere Dienstleistungen beinhalten detaillierte Recherchen und basieren auf den Fachgebieten unserer Mitglieder.<\/p>\t\t\t\t\t\t<\/div>\n\t\t\t\t<\/div>\n\t\t\t\t\t<\/div>\n\t\t<\/div>\n\t\t\t\t\t\t\t<\/div>\n\t\t<\/section>\n\t\t\t\t\t\t\t<\/div>","protected":false},"excerpt":{"rendered":"<p>Learn from Industry Experts Lorem ipsum dolor sit amet, consectetur adipiscing elit. Etiam maximus tortor at diam gravida posuere. Curabitur et malesuada mi. View Courses Actionable Training Lorem ipsum dolor sit amet, consectetur adipiscing elit. Interesting Quizzes Lorem ipsum dolor sit amet, consectetur adipiscing elit. Premium Material Lorem ipsum dolor sit amet, consectetur adipiscing elit. &hellip;<\/p>\n<p class=\"read-more\"> <a class=\"\" href=\"https:\/\/websitedemos.net\/learndash-academy-02\/\"> <span class=\"screen-reader-text\">Startseite<\/span> Read More &raquo;<\/a><\/p>","protected":false},"author":1,"featured_media":0,"parent":0,"menu_order":0,"comment_status":"closed","ping_status":"closed","template":"elementor_header_footer","meta":{"site-sidebar-layout":"no-sidebar","site-content-layout":"page-builder","ast-site-content-layout":"full-width-container","site-content-style":"unboxed","site-sidebar-style":"unboxed","ast-global-header-display":"","ast-banner-title-visibility":"","ast-main-header-display":"","ast-hfb-above-header-display":"","ast-hfb-below-header-display":"","ast-hfb-mobile-header-display":"","site-post-title":"disabled","ast-breadcrumbs-content":"","ast-featured-img":"disabled","footer-sml-layout":"","theme-transparent-header-meta":"enabled","adv-header-id-meta":"","stick-header-meta":"","header-above-stick-meta":"","header-main-stick-meta":"","header-below-stick-meta":"","astra-migrate-meta-layouts":"set","ast-page-background-enabled":"default","ast-page-background-meta":{"desktop":{"background-color":"var(--ast-global-color-4)","background-image":"","background-repeat":"repeat","background-position":"center center","background-size":"auto","background-attachment":"scroll","background-type":"","background-media":"","overlay-type":"","overlay-color":"","overlay-gradient":""},"tablet":{"background-color":"","background-image":"","background-repeat":"repeat","background-position":"center center","background-size":"auto","background-attachment":"scroll","background-type":"","background-media":"","overlay-type":"","overlay-color":"","overlay-gradient":""},"mobile":{"background-color":"","background-image":"","background-repeat":"repeat","background-position":"center center","background-size":"auto","background-attachment":"scroll","background-type":"","background-media":"","overlay-type":"","overlay-color":"","overlay-gradient":""}},"ast-content-background-meta":{"desktop":{"background-color":"var(--ast-global-color-5)","background-image":"","background-repeat":"repeat","background-position":"center center","background-size":"auto","background-attachment":"scroll","background-type":"","background-media":"","overlay-type":"","overlay-color":"","overlay-gradient":""},"tablet":{"background-color":"var(--ast-global-color-5)","background-image":"","background-repeat":"repeat","background-position":"center center","background-size":"auto","background-attachment":"scroll","background-type":"","background-media":"","overlay-type":"","overlay-color":"","overlay-gradient":""},"mobile":{"background-color":"var(--ast-global-color-5)","background-image":"","background-repeat":"repeat","background-position":"center center","background-size":"auto","background-attachment":"scroll","background-type":"","background-media":"","overlay-type":"","overlay-color":"","overlay-gradient":""}},"footnotes":""},"_links":{"self":[{"href":"https:\/\/karlsberatung.de\/de\/wp-json\/wp\/v2\/pages\/11978"}],"collection":[{"href":"https:\/\/karlsberatung.de\/de\/wp-json\/wp\/v2\/pages"}],"about":[{"href":"https:\/\/karlsberatung.de\/de\/wp-json\/wp\/v2\/types\/page"}],"author":[{"embeddable":true,"href":"https:\/\/karlsberatung.de\/de\/wp-json\/wp\/v2\/users\/1"}],"replies":[{"embeddable":true,"href":"https:\/\/karlsberatung.de\/de\/wp-json\/wp\/v2\/comments?post=11978"}],"version-history":[{"count":112,"href":"https:\/\/karlsberatung.de\/de\/wp-json\/wp\/v2\/pages\/11978\/revisions"}],"predecessor-version":[{"id":12716,"href":"https:\/\/karlsberatung.de\/de\/wp-json\/wp\/v2\/pages\/11978\/revisions\/12716"}],"wp:attachment":[{"href":"https:\/\/karlsberatung.de\/de\/wp-json\/wp\/v2\/media?parent=11978"}],"curies":[{"name":"wp","href":"https:\/\/api.w.org\/{rel}","templated":true}]}}